{"id":25,"date":"2024-03-08T14:44:12","date_gmt":"2024-03-08T14:44:12","guid":{"rendered":"http:\/\/gloriareixach.com\/?page_id=25"},"modified":"2024-03-12T08:34:15","modified_gmt":"2024-03-12T08:34:15","slug":"25-2","status":"publish","type":"page","link":"https:\/\/gloriareixach.com\/?page_id=25","title":{"rendered":""},"content":{"rendered":"\n<div class=\"wp-block-columns alignwide are-vertically-aligned-top is-layout-flex wp-container-core-columns-is-layout-16269c07 wp-block-columns-is-layout-flex\" style=\"padding-top:0\">\n<div class=\"wp-block-column is-vertically-aligned-top is-layout-flow wp-block-column-is-layout-flow\">\n<div class=\"wp-block-buttons is-content-justification-right is-layout-flex wp-container-core-buttons-is-layout-d445cf74 wp-block-buttons-is-layout-flex\">\n<div class=\"wp-block-button\"><a class=\"wp-block-button__link has-text-align-center wp-element-button\" href=\"#SUPORT\">Suport gesti\u00f3 PRL<\/a><\/div>\n<\/div>\n<\/div>\n\n\n\n<div class=\"wp-block-column is-vertically-aligned-top is-layout-flow wp-block-column-is-layout-flow\">\n<div class=\"wp-block-buttons is-content-justification-center is-layout-flex wp-container-core-buttons-is-layout-a89b3969 wp-block-buttons-is-layout-flex\">\n<div class=\"wp-block-button\"><a class=\"wp-block-button__link wp-element-button\" href=\"#PROJECTES\">Projectes entorns laborals&nbsp;saludables<\/a><\/div>\n<\/div>\n<\/div>\n\n\n\n<div class=\"wp-block-column is-vertically-aligned-top is-layout-flow wp-block-column-is-layout-flow\">\n<div class=\"wp-block-buttons is-layout-flex wp-block-buttons-is-layout-flex\">\n<div class=\"wp-block-button\"><a class=\"wp-block-button__link has-text-align-center wp-element-button\" href=\"#FORMACIO\">Formaci\u00f3 i sensibilitzaci\u00f3<\/a><\/div>\n<\/div>\n<\/div>\n<\/div>\n\n\n\n<div class=\"wp-block-group alignfull has-base-2-background-color has-background has-global-padding is-layout-constrained wp-container-core-group-is-layout-669513ed wp-block-group-is-layout-constrained\" id=\"SUPORT\" style=\"margin-top:0;margin-bottom:0;padding-top:var(--wp--preset--spacing--50);padding-right:var(--wp--preset--spacing--50);padding-bottom:var(--wp--preset--spacing--50);padding-left:var(--wp--preset--spacing--50)\">\n<div class=\"wp-block-group is-vertical is-content-justification-center is-layout-flex wp-container-core-group-is-layout-52b864f0 wp-block-group-is-layout-flex\">\n<h2 class=\"wp-block-heading has-text-align-center is-style-asterisk\">Suport gesti\u00f3 PRL<\/h2>\n\n\n\n<div style=\"height:0px\" aria-hidden=\"true\" class=\"wp-block-spacer wp-container-content-4f2ccadb\"><\/div>\n\n\n\n<p class=\"has-text-align-center\">Assessorament, acompanyament i orientaci\u00f3 per garantir el compliment de la normativa en prevenci\u00f3 de riscos laborals i l\u2019adopci\u00f3 de bones pr\u00e0ctiques relacionades amb la seguretat i la salut ocupacional.<\/p>\n<\/div>\n\n\n\n<div style=\"margin-top:0;margin-bottom:0;height:var(--wp--preset--spacing--40)\" aria-hidden=\"true\" class=\"wp-block-spacer\"><\/div>\n\n\n\n<figure class=\"wp-block-gallery has-nested-images columns-default is-cropped wp-block-gallery-1 is-layout-flex wp-block-gallery-is-layout-flex\">\n<figure class=\"wp-block-image size-large\"><img loading=\"lazy\" decoding=\"async\" width=\"724\" height=\"482\" data-id=\"99\" src=\"https:\/\/gloriareixach.com\/wp-content\/uploads\/2024\/03\/iStock-136379327.jpg\" alt=\"\" class=\"wp-image-99\" srcset=\"https:\/\/gloriareixach.com\/wp-content\/uploads\/2024\/03\/iStock-136379327.jpg 724w, https:\/\/gloriareixach.com\/wp-content\/uploads\/2024\/03\/iStock-136379327-300x200.jpg 300w\" sizes=\"auto, (max-width: 724px) 100vw, 724px\" \/><\/figure>\n<\/figure>\n\n\n\n<div style=\"margin-top:0;margin-bottom:0;height:var(--wp--preset--spacing--40)\" aria-hidden=\"true\" class=\"wp-block-spacer\"><\/div>\n\n\n\n<div class=\"wp-block-columns alignwide is-layout-flex wp-container-core-columns-is-layout-d0bbbce0 wp-block-columns-is-layout-flex\">\n<div class=\"wp-block-column is-layout-flow wp-container-core-column-is-layout-e3d1c41b wp-block-column-is-layout-flow\">\n<h3 class=\"wp-block-heading has-text-align-left is-style-asterisk has-medium-font-size\" style=\"font-style:normal;font-weight:600\"><strong>Diagnosis b\u00e0sica del pla de prevenci\u00f3 o sistema de gesti\u00f3 de la PRL<\/strong><\/h3>\n\n\n\n<p class=\"has-text-align-left\">Revisi\u00f3 documental de l\u2019actual Pla de Prevenci\u00f3 i el seu nivell d\u2019implantaci\u00f3 per emetre una valoraci\u00f3 i proposta de mesures per millorar la seva efici\u00e8ncia i efic\u00e0cia.<\/p>\n<\/div>\n\n\n\n<div class=\"wp-block-column is-layout-flow wp-container-core-column-is-layout-e3d1c41b wp-block-column-is-layout-flow\">\n<h3 class=\"wp-block-heading has-text-align-left is-style-asterisk has-medium-font-size\" style=\"font-style:normal;font-weight:600\"><strong>Auditoria interna del sistema de gesti\u00f3 de la PRL<\/strong><\/h3>\n\n\n\n<p class=\"has-text-align-left\">Revisi\u00f3 en profunditat de tots els aspectes vinculats al sistema de gesti\u00f3 de la prevenci\u00f3 de riscos laborals de l\u2019organitzaci\u00f3, tan a nivell documental com organitzacional, amb entrevistes, reunions i visita d\u2019instal\u00b7lacions. Emissi\u00f3 d\u2019informe de valoraci\u00f3 i proposta de mesures per millorar la seva efici\u00e8ncia i efic\u00e0cia.<\/p>\n<\/div>\n\n\n\n<div class=\"wp-block-column is-layout-flow wp-container-core-column-is-layout-e3d1c41b wp-block-column-is-layout-flow\">\n<h3 class=\"wp-block-heading has-text-align-left is-style-asterisk has-medium-font-size\" style=\"font-style:normal;font-weight:600\"><strong>Assessorament per la implantaci\u00f3 de mesures preventives<\/strong><\/h3>\n\n\n\n<p class=\"has-text-align-left\">A partir de les mesures preventives proposades a l\u2019avaluaci\u00f3 de riscos laborals o altres informes t\u00e8cnics, assessorament per la valoraci\u00f3 d\u2019opcions, presa de decisions i acompanyament en el proc\u00e9s d&#8217;implantaci\u00f3.<\/p>\n<\/div>\n<\/div>\n\n\n\n<div style=\"height:var(--wp--preset--spacing--20)\" aria-hidden=\"true\" class=\"wp-block-spacer\"><\/div>\n\n\n\n<div class=\"wp-block-columns alignwide is-layout-flex wp-container-core-columns-is-layout-d0bbbce0 wp-block-columns-is-layout-flex\">\n<div class=\"wp-block-column is-layout-flow wp-container-core-column-is-layout-e3d1c41b wp-block-column-is-layout-flow\">\n<h3 class=\"wp-block-heading has-text-align-left is-style-asterisk has-medium-font-size\" style=\"font-style:normal;font-weight:600\"><strong>Assessorament per la realitzaci\u00f3 d\u2019estudis t\u00e8cnics: higiene industrial, ergonomia i psicosociologia<\/strong><\/h3>\n\n\n\n<p class=\"has-text-align-left\">Assessorament davant la necessitat de quantificar l\u2019exposici\u00f3 laboral a agents f\u00edsics, qu\u00edmics, biol\u00f2gics, riscos ergon\u00f2mic i psicosocials, per prendre decisions en relaci\u00f3 a quins processos, accions, operacions, productes s\u00f3n objecte d\u2019estudi i en quines circumst\u00e0ncies.<\/p>\n<\/div>\n\n\n\n<div class=\"wp-block-column is-layout-flow wp-container-core-column-is-layout-e3d1c41b wp-block-column-is-layout-flow\">\n<h3 class=\"wp-block-heading has-text-align-left is-style-asterisk has-medium-font-size\" style=\"font-style:normal;font-weight:600\"><strong>Coaching personalitzat per millorar la gesti\u00f3 integrada de la PRL<\/strong><\/h3>\n\n\n\n<p class=\"has-text-align-left\">Acompanyament i suport temporal per capacitar als responsables d\u2019un sistema de gesti\u00f3 de la PRL o millorar la seva implantaci\u00f3 efectiva.<\/p>\n<\/div>\n\n\n\n<div class=\"wp-block-column is-layout-flow wp-container-core-column-is-layout-e3d1c41b wp-block-column-is-layout-flow\">\n<h3 class=\"wp-block-heading has-text-align-left is-style-asterisk has-medium-font-size\" style=\"font-style:normal;font-weight:600\"><strong>Assessorament per la implantaci\u00f3 de nova normativa o criteris t\u00e8cnics<\/strong><\/h3>\n\n\n\n<p class=\"has-text-align-left\">Assessorament per l\u2019aplicaci\u00f3 efectiva de nova normativa o criteris vinculats a la PRL o al benestar laboral.<\/p>\n<\/div>\n<\/div>\n\n\n\n<div class=\"wp-block-columns alignwide is-layout-flex wp-container-core-columns-is-layout-d0bbbce0 wp-block-columns-is-layout-flex\">\n<div class=\"wp-block-column is-layout-flow wp-container-core-column-is-layout-e3d1c41b wp-block-column-is-layout-flow\">\n<h3 class=\"wp-block-heading has-text-align-left is-style-asterisk has-medium-font-size\" style=\"font-style:normal;font-weight:600\"><strong><strong>Assessorament per la Implantaci\u00f3 de la norma ISO 45001<\/strong><\/strong><\/h3>\n\n\n\n<p class=\"has-text-align-left\">Assessorament i acompanyament per la implantaci\u00f3 efectiva d\u2019un sistema de gesti\u00f3 de la prevenci\u00f3 de riscos laborals en base als requeriments de la norma ISO 45001, per a la seva posterior certificaci\u00f3.<\/p>\n<\/div>\n\n\n\n<div class=\"wp-block-column is-layout-flow wp-container-core-column-is-layout-e3d1c41b wp-block-column-is-layout-flow\">\n<h3 class=\"wp-block-heading has-text-align-left is-style-asterisk has-medium-font-size\" style=\"font-style:normal;font-weight:600\"><strong><strong>Assessorament per la Investigaci\u00f3 d\u2019accidents laborals i malalties professionals<\/strong><\/strong><\/h3>\n\n\n\n<p class=\"has-text-align-left\">Assessorament en la realitzaci\u00f3 de la investigaci\u00f3 de causes en cas d\u2019accidents o malalties laborals.<\/p>\n<\/div>\n\n\n\n<div class=\"wp-block-column is-layout-flow wp-container-core-column-is-layout-e3d1c41b wp-block-column-is-layout-flow\">\n<h3 class=\"wp-block-heading has-text-align-left is-style-asterisk has-medium-font-size\" style=\"font-style:normal;font-weight:600\"><strong><strong><strong>Assessorament per fer front a Inspeccions de treball<\/strong><\/strong><\/strong><\/h3>\n\n\n\n<p>Assessorament per a donar resposta als requeriments derivats d\u2019Inspeccions de Treball.<\/p>\n<\/div>\n<\/div>\n\n\n\n<div class=\"wp-block-columns alignwide is-layout-flex wp-container-core-columns-is-layout-d0bbbce0 wp-block-columns-is-layout-flex\">\n<div class=\"wp-block-column is-layout-flow wp-container-core-column-is-layout-e3d1c41b wp-block-column-is-layout-flow\">\n<h3 class=\"wp-block-heading has-text-align-left is-style-asterisk has-medium-font-size\" style=\"font-style:normal;font-weight:600\"><strong><strong><strong>Investigaci\u00f3 de den\u00fancies d\u2019assetjament laboral<\/strong><\/strong><\/strong><\/h3>\n\n\n\n<p class=\"has-text-align-left\">Formar part de l\u2019equip investigador de la den\u00fancia arran de l\u2019activaci\u00f3 del protocol d\u2019abordatge d\u2019assetjament laboral d\u2019una organitzaci\u00f3 com a investigadora competent i imparcial.<\/p>\n<\/div>\n\n\n\n<div class=\"wp-block-column is-layout-flow wp-container-core-column-is-layout-e3d1c41b wp-block-column-is-layout-flow\">\n<h3 class=\"wp-block-heading has-text-align-left is-style-asterisk has-medium-font-size\" style=\"font-style:normal;font-weight:600\"><strong><strong>Elaboraci\u00f3 i suport en la implantaci\u00f3 de Plans, Protocols i Instruccions de treball<\/strong><\/strong><\/h3>\n\n\n\n<ul class=\"wp-block-list\">\n<li><em>Pla de formaci\u00f3 i\/o sensibilitzaci\u00f3<\/em><\/li>\n<\/ul>\n\n\n\n<p>Elaboraci\u00f3 d\u2019un recorregut formatiu o de sensibilitzaci\u00f3 per rol laboral per assolir els objectius d\u2019habilitats i capacitaci\u00f3 determinats per perfil.<\/p>\n\n\n\n<ul class=\"wp-block-list\">\n<li><em>Protocol per la prevenci\u00f3 i abordatge de l\u2019assetjament laboral, sexual i per ra\u00f3 de sexe<\/em><\/li>\n<\/ul>\n\n\n\n<p>Elaboraci\u00f3 del protocol per a l\u2019abordatge de l\u2019assetjament laboral i sexual per prevenir, identificar i abordar situacions d\u2019assetjament dins de l\u2019entorn laboral.<\/p>\n\n\n\n<ul class=\"wp-block-list\">\n<li><em>Instruccions de treball<\/em><strong>&nbsp;&nbsp;&nbsp;<\/strong>&nbsp;&nbsp;&nbsp;&nbsp;&nbsp;&nbsp;&nbsp;&nbsp;<\/li>\n<\/ul>\n\n\n\n<p>Elaboraci\u00f3 d\u2019instruccions de treball per detallar els passos i les directrius de seguretat a adoptar per a l\u2019execuci\u00f3 d\u2019una tasca o activitat espec\u00edfica dins d\u2019una organitzaci\u00f3.<\/p>\n<\/div>\n<\/div>\n<\/div>\n\n\n\n<div class=\"wp-block-group alignfull has-base-2-background-color has-background has-global-padding is-layout-constrained wp-container-core-group-is-layout-669513ed wp-block-group-is-layout-constrained\" id=\"PROJECTES\" style=\"margin-top:0;margin-bottom:0;padding-top:var(--wp--preset--spacing--50);padding-right:var(--wp--preset--spacing--50);padding-bottom:var(--wp--preset--spacing--50);padding-left:var(--wp--preset--spacing--50)\">\n<div class=\"wp-block-group is-vertical is-content-justification-center is-layout-flex wp-container-core-group-is-layout-52b864f0 wp-block-group-is-layout-flex\">\n<h2 class=\"wp-block-heading has-text-align-center is-style-asterisk\">Projectes entorns laborals&nbsp;saludables<\/h2>\n\n\n\n<div style=\"height:0px\" aria-hidden=\"true\" class=\"wp-block-spacer wp-container-content-4f2ccadb\"><\/div>\n\n\n\n<p class=\"has-text-align-center\">Iniciatives dissenyades a mida per millorar la qualitat de vida i el benestar de les persones treballadores dins d&#8217;una organitzaci\u00f3. Els projectes d&#8217;entorns laborals saludables reflecteixen una preocupaci\u00f3 proactiva per la salut i el benestar, contribuint a crear un entorn de treball m\u00e9s positiu i motivador.<\/p>\n\n\n\n<div style=\"margin-top:0;margin-bottom:0;height:0px\" aria-hidden=\"true\" class=\"wp-block-spacer wp-container-content-9d1f8957\"><\/div>\n\n\n\n<figure class=\"wp-block-gallery has-nested-images columns-default is-cropped wp-block-gallery-2 is-layout-flex wp-block-gallery-is-layout-flex\">\n<figure class=\"wp-block-image size-large\"><img loading=\"lazy\" decoding=\"async\" width=\"724\" height=\"483\" data-id=\"101\" src=\"https:\/\/gloriareixach.com\/wp-content\/uploads\/2024\/03\/iStock-1204809115.jpg\" alt=\"\" class=\"wp-image-101\" srcset=\"https:\/\/gloriareixach.com\/wp-content\/uploads\/2024\/03\/iStock-1204809115.jpg 724w, https:\/\/gloriareixach.com\/wp-content\/uploads\/2024\/03\/iStock-1204809115-300x200.jpg 300w\" sizes=\"auto, (max-width: 724px) 100vw, 724px\" \/><\/figure>\n<\/figure>\n<\/div>\n\n\n\n<div style=\"margin-top:0;margin-bottom:0;height:var(--wp--preset--spacing--40)\" aria-hidden=\"true\" class=\"wp-block-spacer\"><\/div>\n\n\n\n<div class=\"wp-block-columns alignwide is-layout-flex wp-container-core-columns-is-layout-d0bbbce0 wp-block-columns-is-layout-flex\">\n<div class=\"wp-block-column is-layout-flow wp-container-core-column-is-layout-e3d1c41b wp-block-column-is-layout-flow\">\n<h3 class=\"wp-block-heading has-text-align-left is-style-asterisk has-medium-font-size\" style=\"font-style:normal;font-weight:600\"><strong>Campanyes de promoci\u00f3 del benestar i la salut laborals<\/strong><\/h3>\n\n\n\n<p class=\"has-text-align-left\">Elaboraci\u00f3 d\u2019estrat\u00e8gies planificades per a la conscienciaci\u00f3 i promoci\u00f3 d&#8217;h\u00e0bits h\u00e0bits saludables, per millorar la qualitat de vida i el benestar laboral.<\/p>\n<\/div>\n\n\n\n<div class=\"wp-block-column is-layout-flow wp-container-core-column-is-layout-e3d1c41b wp-block-column-is-layout-flow\">\n<h3 class=\"wp-block-heading has-text-align-left is-style-asterisk has-medium-font-size\" style=\"font-style:normal;font-weight:600\"><strong><strong>Model empresa saludable<\/strong><\/strong><\/h3>\n\n\n\n<p class=\"has-text-align-left\">Assessorament per l\u2019adopci\u00f3 d\u2019un model d\u2019empresa saludable amb la implementaci\u00f3 d\u2019un conjunt de pr\u00e0ctiques i iniciatives que promouen el benestar integral del personal i fomenten un entorn de treball positiu.<\/p>\n<\/div>\n\n\n\n<div class=\"wp-block-column is-layout-flow wp-container-core-column-is-layout-e3d1c41b wp-block-column-is-layout-flow\">\n<h3 class=\"wp-block-heading has-text-align-left is-style-asterisk has-medium-font-size\" style=\"font-style:normal;font-weight:600\"><strong>Model empresa promotora de la salut<\/strong><\/h3>\n\n\n\n<p class=\"has-text-align-left\">Assessorament per l\u2019adopci\u00f3 d\u2019un model d\u2019empresa promotora de la salut que implica un enfocament integral per a la millora del benestar i la salut del personal, centrant-se no nom\u00e9s en la prevenci\u00f3 de malalties sin\u00f3 tamb\u00e9 en la promoci\u00f3 de la salut i el benestar general.<\/p>\n<\/div>\n<\/div>\n\n\n\n<div style=\"height:var(--wp--preset--spacing--20)\" aria-hidden=\"true\" class=\"wp-block-spacer\"><\/div>\n\n\n\n<div class=\"wp-block-columns alignwide is-layout-flex wp-container-core-columns-is-layout-d0bbbce0 wp-block-columns-is-layout-flex\">\n<div class=\"wp-block-column is-layout-flow wp-container-core-column-is-layout-e3d1c41b wp-block-column-is-layout-flow\">\n<h3 class=\"wp-block-heading has-text-align-left is-style-asterisk has-medium-font-size\" style=\"font-style:normal;font-weight:600\"><strong><strong>Plans de benestar laboral<\/strong><\/strong><\/h3>\n\n\n\n<p class=\"has-text-align-left\">Elaboraci\u00f3 d\u2019una estrat\u00e8gia integral amb l\u2019objectiu de millorar la qualitat de vida dels treballadors i treballadores. Aquest pla busca crear un entorn laboral saludable i fomentar el benestar f\u00edsic, mental i emocional dels empleats.<\/p>\n<\/div>\n\n\n\n<div class=\"wp-block-column is-layout-flow wp-container-core-column-is-layout-e3d1c41b wp-block-column-is-layout-flow\">\n<h3 class=\"wp-block-heading has-text-align-left is-style-asterisk has-medium-font-size\" style=\"font-style:normal;font-weight:600\"><strong>Plans d\u2019acollida (on boarding)<\/strong><\/h3>\n\n\n\n<p class=\"has-text-align-left\">Elaboraci\u00f3 del pla d\u2019acollida, tamb\u00e9 conegut com a programa de benvinguda o integraci\u00f3, com una estrat\u00e8gia empresarial dissenyada per facilitar l\u2019adaptaci\u00f3 de les noves incorporacions a l\u2019entorn laboral i a la cultura de l\u2019empresa. Aquest pla t\u00e9 com a objectiu proporcionar la informaci\u00f3 i el suport necessaris per a una incorporaci\u00f3 efectiva i una transici\u00f3 suau cap a les seves noves responsabilitats.<\/p>\n<\/div>\n<\/div>\n<\/div>\n\n\n\n<div class=\"wp-block-group alignfull has-base-2-background-color has-background has-global-padding is-layout-constrained wp-container-core-group-is-layout-669513ed wp-block-group-is-layout-constrained\" id=\"FORMACIO\" style=\"margin-top:0;margin-bottom:0;padding-top:var(--wp--preset--spacing--50);padding-right:var(--wp--preset--spacing--50);padding-bottom:var(--wp--preset--spacing--50);padding-left:var(--wp--preset--spacing--50)\">\n<div class=\"wp-block-columns alignwide is-layout-flex wp-container-core-columns-is-layout-28f84493 wp-block-columns-is-layout-flex\">\n<div class=\"wp-block-column is-layout-flow wp-block-column-is-layout-flow\" style=\"flex-basis:100%\">\n<div class=\"wp-block-group alignfull is-content-justification-center is-nowrap is-layout-flex wp-container-core-group-is-layout-23441af8 wp-block-group-is-layout-flex\">\n<div class=\"wp-block-group is-vertical is-content-justification-center is-layout-flex wp-container-core-group-is-layout-52b864f0 wp-block-group-is-layout-flex\">\n<h2 class=\"wp-block-heading has-text-align-center is-style-asterisk\">Formaci\u00f3 i sensibilitzaci\u00f3<\/h2>\n\n\n\n<div style=\"height:0px\" aria-hidden=\"true\" class=\"wp-block-spacer wp-container-content-4f2ccadb\"><\/div>\n\n\n\n<p class=\"has-text-align-center\">Disseny i organitzaci\u00f3 d\u2019accions de formaci\u00f3 i sensibilitzaci\u00f3 a mida, per millorar les bones pr\u00e0ctiques relacionades amb la seguretat i la salut ocupacionals, les capacitats o habilitats de les persones treballadores i el benestar laboral.&nbsp;<\/p>\n<\/div>\n<\/div>\n<\/div>\n\n\n\n<div class=\"wp-block-column is-layout-flow wp-block-column-is-layout-flow\" style=\"flex-basis:100%\">\n<figure class=\"wp-block-image size-full\"><img loading=\"lazy\" decoding=\"async\" width=\"724\" height=\"483\" src=\"https:\/\/gloriareixach.com\/wp-content\/uploads\/2024\/03\/iStock-1485377791.jpg\" alt=\"\" class=\"wp-image-102\" srcset=\"https:\/\/gloriareixach.com\/wp-content\/uploads\/2024\/03\/iStock-1485377791.jpg 724w, https:\/\/gloriareixach.com\/wp-content\/uploads\/2024\/03\/iStock-1485377791-300x200.jpg 300w\" sizes=\"auto, (max-width: 724px) 100vw, 724px\" \/><\/figure>\n<\/div>\n<\/div>\n\n\n\n<div style=\"margin-top:0;margin-bottom:0;height:var(--wp--preset--spacing--40)\" aria-hidden=\"true\" class=\"wp-block-spacer\"><\/div>\n\n\n\n<div class=\"wp-block-columns alignwide is-layout-flex wp-container-core-columns-is-layout-d0bbbce0 wp-block-columns-is-layout-flex\">\n<div class=\"wp-block-column is-layout-flow wp-container-core-column-is-layout-e3d1c41b wp-block-column-is-layout-flow\">\n<h3 class=\"wp-block-heading has-text-align-left is-style-asterisk has-medium-font-size\" style=\"font-style:normal;font-weight:600\"><strong><strong>Campanyes de sensibilitzaci\u00f3<\/strong><\/strong><\/h3>\n\n\n\n<p class=\"has-text-align-left\">Una campanya de sensibilitzaci\u00f3 \u00e9s una iniciativa planificada i estructurada per augmentar la consci\u00e8ncia sobre una tem\u00e0tica espec\u00edfica i influir en les actituds i comportaments de les persones respecte a aquesta q\u00fcesti\u00f3. Aquestes campanyes tenen com a objectiu educar, informar i generar un impacte positiu en el comportament de determinats grups.<\/p>\n<\/div>\n\n\n\n<div class=\"wp-block-column is-layout-flow wp-container-core-column-is-layout-e3d1c41b wp-block-column-is-layout-flow\">\n<h3 class=\"wp-block-heading has-text-align-left is-style-asterisk has-medium-font-size\" style=\"font-style:normal;font-weight:600\"><strong><strong><strong>Formaci\u00f3<\/strong><\/strong><\/strong><\/h3>\n\n\n\n<p class=\"has-text-align-left\">Impartici\u00f3 d\u2019activitats de formaci\u00f3 per millorar les habilitats, coneixements i compet\u00e8ncies del personal.<\/p>\n<\/div>\n<\/div>\n\n\n\n<div style=\"height:var(--wp--preset--spacing--20)\" aria-hidden=\"true\" class=\"wp-block-spacer\"><\/div>\n<\/div>\n","protected":false},"excerpt":{"rendered":"<p>Suport gesti\u00f3 PRL Assessorament, acompanyament i orientaci\u00f3 per garantir el compliment de la normativa en prevenci\u00f3 de riscos laborals i l\u2019adopci\u00f3 de bones pr\u00e0ctiques relacionades amb la seguretat i la salut ocupacional. Diagnosis b\u00e0sica del pla de prevenci\u00f3 o sistema de gesti\u00f3 de la PRL Revisi\u00f3 documental de l\u2019actual Pla de Prevenci\u00f3 i el seu [&hellip;]<\/p>\n","protected":false},"author":1,"featured_media":0,"parent":0,"menu_order":0,"comment_status":"closed","ping_status":"closed","template":"","meta":{"footnotes":""},"class_list":["post-25","page","type-page","status-publish","hentry"],"_links":{"self":[{"href":"https:\/\/gloriareixach.com\/index.php?rest_route=\/wp\/v2\/pages\/25","targetHints":{"allow":["GET"]}}],"collection":[{"href":"https:\/\/gloriareixach.com\/index.php?rest_route=\/wp\/v2\/pages"}],"about":[{"href":"https:\/\/gloriareixach.com\/index.php?rest_route=\/wp\/v2\/types\/page"}],"author":[{"embeddable":true,"href":"https:\/\/gloriareixach.com\/index.php?rest_route=\/wp\/v2\/users\/1"}],"replies":[{"embeddable":true,"href":"https:\/\/gloriareixach.com\/index.php?rest_route=%2Fwp%2Fv2%2Fcomments&post=25"}],"version-history":[{"count":19,"href":"https:\/\/gloriareixach.com\/index.php?rest_route=\/wp\/v2\/pages\/25\/revisions"}],"predecessor-version":[{"id":106,"href":"https:\/\/gloriareixach.com\/index.php?rest_route=\/wp\/v2\/pages\/25\/revisions\/106"}],"wp:attachment":[{"href":"https:\/\/gloriareixach.com\/index.php?rest_route=%2Fwp%2Fv2%2Fmedia&parent=25"}],"curies":[{"name":"wp","href":"https:\/\/api.w.org\/{rel}","templated":true}]}}